{"id":3410,"date":"2017-03-14T13:21:16","date_gmt":"2017-03-14T12:21:16","guid":{"rendered":"https:\/\/oesterreich-bilder.at\/presse\/"},"modified":"2022-08-27T14:52:40","modified_gmt":"2022-08-27T12:52:40","slug":"presse","status":"publish","type":"page","link":"https:\/\/oesterreich-bilder.at\/en\/presse\/","title":{"rendered":"Press"},"content":{"rendered":"\n<h2 class=\"wp-block-heading\">FacingAustria<\/h2>\n\n\n\n<p>Edited and curated by: Rainer Iglar and Michael Mauracher<br>20 photographers, men and women, have photographed Austria. Their photos reveal a diversity of imagery and themes \u2212 urban settings, landscapes, work, politics, the arts, and sport \u2212 a country mirrored through contemporary photography.<\/p>\n\n\n\n<p><a rel=\"noreferrer noopener\" href=\"http:\/\/fotohof.at\/media\/pdf\/pdf1783.pdf\" target=\"_blank\">Impress<\/a><br><a rel=\"noreferrer noopener\" href=\"http:\/\/fotohof.at\/media\/pdf\/pdf1782.pdf\" target=\"_blank\">Table of Contents<\/a><br><a rel=\"noreferrer noopener\" href=\"http:\/\/fotohof.at\/media\/pdf\/pdf1786.pdf\" target=\"_blank\">Introduction by Rainer Iglar and Mich<\/a><\/p>\n\n\n\n<p><strong>Book presentation<\/strong><\/p>\n\n\n\n<p>Juni, 18:00 Uhr<br>Photoinstitut Bonartes<br>1010 Wien<\/p>\n\n\n\n<p><strong><strong>FacingAustria<\/strong><\/strong><\/p>\n\n\n\n<p>Photography by:<br>Seiichi Furuya, Katharina Gruzei, Heidi Harsieber, Kurt Kaindl, Werner Kaligofsky mit einem Insert von Raad al Abbas, Leo Kandl, Paul Kranzler, Paul Albert Leitner, Simon Lehner, Christopher Mavri\u010d, Stefanie Moshammer, Andrew Phelps, Rudolf Sagmeister, Jan Schiefermair, Nora Schoeller, Ekaterina Sevrouk, Katarina \u0160o\u0161ki\u0107, Rudolf Strobl, Clara Wildberger, Manfred Willmann<\/p>\n\n\n\n<p>With texts by:<br>Reinhard Braun, Silvia Eiblmayr, Monika Faber, Christine Frisinghelli, Jasmin Haselsteiner-Scharner, Ruth Horak, Martin Hochleitner, Gabriele Hofer-Hagenauer, Rainer Iglar \/ Michael Mauracher, Verena Kasper-Eisert, Christiane Kuhlmann, Gerald Matt, Walter Moser, Petra Noll, Astrid Peterle, Michael Ponstingl, Maren L\u00fcbbke-Tidow, Rebekka Reuter, Walter Seidl, Nora Theiss, Margit Zuckriegl<\/p>\n\n\n\n<p>Graphic design: Anna Maria Friedl<br>Open thread-stitched binding with dust jacket<br>30 \u00d7 30 cm, 500 pages<br>450 bw- and color plates<br>edition: 700<br>Fotohof edition 2017, Volume 250<br>ISBN: 978-3-902993-50-2<br>\u20ac 39<\/p>\n\n\n\n<p>FacingAustria was made possible with the kind support of the Austrian Federal Chancellery.<\/p>\n\n\n\n<p><\/p>\n\n\n\n<h3 class=\"wp-block-heading\">Press\u00a0Photographs<\/h3>\n\n\n\n<p><em>Please klick on a photograph, a download link will be displayed inside the Lightbox.<\/em><\/p>\n\n\n<div id=\"jig1\" class=\"justified-image-grid jig-e840c5a5038ac3dbb72a15a311a47d83 jig-preset-global jig-source-wp-gallery\"><div class=\"jig-clearfix\"><\/div><noscript id=\"jig1-html\" class=\"justified-image-grid-html\" data-lazy-src=\"skiplazyload\" data-src=\"skipunveillazyload\"><ul><li><a href=\"https:\/\/oesterreich-bilder.at\/wp-content\/uploads\/2017\/03\/Furuya-1-1024x683.jpg\" title=\"Border 2016 \/ Example: Around Spielfeld and Fence Installations - Zuhause, Graz, 2016\"><img loading=\"lazy\" decoding=\"async\" src=\"https:\/\/oesterreich-bilder.at\/wp-content\/uploads\/2017\/03\/Furuya-1-1024x683.jpg\" alt=\"Seiichi Furuya\" width=\"344\" height=\"230\" \/><\/a><p class=\"jig-HTMLdescription\">Seiichi Furuya<br\/>Border 2016 \/ Example: Around Spielfeld and Fence Installations - Zuhause, Graz, 2016<\/p><\/li><li><a href=\"https:\/\/oesterreich-bilder.at\/wp-content\/uploads\/2017\/03\/Furuya3.jpg\" title=\"Border 2016 \/ Example: Around Spielfeld and Fence Installations - o.T., 2016\"><img loading=\"lazy\" decoding=\"async\" src=\"https:\/\/oesterreich-bilder.at\/wp-content\/uploads\/2017\/03\/Furuya3.jpg\" alt=\"Seiichi Furuya\" width=\"350\" height=\"230\" \/><\/a><p class=\"jig-HTMLdescription\">Seiichi Furuya<br\/>Border 2016 \/ Example: Around Spielfeld and Fence Installations - o.T., 2016<\/p><\/li><li><a href=\"https:\/\/oesterreich-bilder.at\/wp-content\/uploads\/2017\/03\/Gruzei-1_druck-683x1024.jpg\" title=\"Bodies of Work - o.T. , 2016\"><img loading=\"lazy\" decoding=\"async\" src=\"https:\/\/oesterreich-bilder.at\/wp-content\/uploads\/2017\/03\/Gruzei-1_druck-683x1024.jpg\" alt=\"Katharina Gruzei\" width=\"153\" height=\"230\" \/><\/a><p class=\"jig-HTMLdescription\">Katharina Gruzei<br\/>Bodies of Work - o.T. , 2016<\/p><\/li><li><a href=\"https:\/\/oesterreich-bilder.at\/wp-content\/uploads\/2017\/03\/Gruzei-2_druck-683x1024.jpg\" title=\"Bodies of Work - o.T. , 2016\"><img loading=\"lazy\" decoding=\"async\" src=\"https:\/\/oesterreich-bilder.at\/wp-content\/uploads\/2017\/03\/Gruzei-2_druck-683x1024.jpg\" alt=\"Katharina Gruzei\" width=\"153\" height=\"230\" \/><\/a><p class=\"jig-HTMLdescription\">Katharina Gruzei<br\/>Bodies of Work - o.T. , 2016<\/p><\/li><li><a href=\"https:\/\/oesterreich-bilder.at\/wp-content\/uploads\/2017\/03\/Harsieber3-1024x624.jpg\" title=\"Sport - Pages 20\/21: European Football Championship, Public Viewing, Vienna, Austria against Iceland, June 22nd, 2016\"><img loading=\"lazy\" decoding=\"async\" src=\"https:\/\/oesterreich-bilder.at\/wp-content\/uploads\/2017\/03\/Harsieber3-1024x624.jpg\" alt=\"Heidi Harsieber\" width=\"377\" height=\"230\" \/><\/a><p class=\"jig-HTMLdescription\">Heidi Harsieber<br\/>Sport - Pages 20\/21: European Football Championship, Public Viewing, Vienna, Austria against Iceland, June 22nd, 2016<\/p><\/li><li><a href=\"https:\/\/oesterreich-bilder.at\/wp-content\/uploads\/2017\/03\/Harsieber4-1024x637.jpg\" title=\"Sport - European Football Championship, Public Viewing, Vienna, Austria against Iceland, June 22nd, 2016\"><img loading=\"lazy\" decoding=\"async\" src=\"https:\/\/oesterreich-bilder.at\/wp-content\/uploads\/2017\/03\/Harsieber4-1024x637.jpg\" alt=\"Heidi Harsieber\" width=\"369\" height=\"230\" \/><\/a><p class=\"jig-HTMLdescription\">Heidi Harsieber<br\/>Sport - European Football Championship, Public Viewing, Vienna, Austria against Iceland, June 22nd, 2016<\/p><\/li><li><a href=\"https:\/\/oesterreich-bilder.at\/wp-content\/uploads\/2017\/03\/Kaindl3-1024x728.jpg\" title=\"Places of Remembrance - Alois, Graz, 2016\"><img loading=\"lazy\" decoding=\"async\" src=\"https:\/\/oesterreich-bilder.at\/wp-content\/uploads\/2017\/03\/Kaindl3-1024x728.jpg\" alt=\"Kurt Kaindl\" width=\"323\" height=\"230\" \/><\/a><p class=\"jig-HTMLdescription\">Kurt Kaindl<br\/>Places of Remembrance - Alois, Graz, 2016<\/p><\/li><li><a href=\"https:\/\/oesterreich-bilder.at\/wp-content\/uploads\/2017\/03\/Kaindl4-1024x729.jpg\" title=\"Places of Remembrance - Lisa and Eva, Salzburg, 2016\"><img loading=\"lazy\" decoding=\"async\" src=\"https:\/\/oesterreich-bilder.at\/wp-content\/uploads\/2017\/03\/Kaindl4-1024x729.jpg\" alt=\"Kurt Kaindl\" width=\"323\" height=\"230\" \/><\/a><p class=\"jig-HTMLdescription\">Kurt Kaindl<br\/>Places of Remembrance - Lisa and Eva, Salzburg, 2016<\/p><\/li><li><a href=\"https:\/\/oesterreich-bilder.at\/wp-content\/uploads\/2017\/03\/Kaligofsky-1_47\u00b02647.70N__12\u00b02327.28E-1024x357.jpg\" title=\"47\u00b026\u201947.70\u201cN 12\u00b023\u201927.28\u201cE With an insert by Raad al Abbas - 47\u00b026\u02b947.70\u02baN 12\u00b023\u02b927.28\u02baE\"><img loading=\"lazy\" decoding=\"async\" src=\"https:\/\/oesterreich-bilder.at\/wp-content\/uploads\/2017\/03\/Kaligofsky-1_47\u00b02647.70N__12\u00b02327.28E-1024x357.jpg\" alt=\"Werner Kaligofsky\" width=\"659\" height=\"230\" \/><\/a><p class=\"jig-HTMLdescription\">Werner Kaligofsky<br\/>47\u00b026\u201947.70\u201cN 12\u00b023\u201927.28\u201cE With an insert by Raad al Abbas - 47\u00b026\u02b947.70\u02baN 12\u00b023\u02b927.28\u02baE<\/p><\/li><li><a href=\"https:\/\/oesterreich-bilder.at\/wp-content\/uploads\/2017\/03\/Kaligofsky-2_47\u00b02212.72N__12\u00b02413.42E-1024x704.jpg\" title=\"47\u00b026\u201947.70\u201cN 12\u00b023\u201927.28\u201cE With an insert by Raad al Abbas - 47\u00b027\u02b907.31\u02baN 12\u00b022\u02b917.14\u02baE\"><img loading=\"lazy\" decoding=\"async\" src=\"https:\/\/oesterreich-bilder.at\/wp-content\/uploads\/2017\/03\/Kaligofsky-2_47\u00b02212.72N__12\u00b02413.42E-1024x704.jpg\" alt=\"Werner Kaligofsky\" width=\"334\" height=\"230\" \/><\/a><p class=\"jig-HTMLdescription\">Werner Kaligofsky<br\/>47\u00b026\u201947.70\u201cN 12\u00b023\u201927.28\u201cE With an insert by Raad al Abbas - 47\u00b027\u02b907.31\u02baN 12\u00b022\u02b917.14\u02baE<\/p><\/li><li><a href=\"https:\/\/oesterreich-bilder.at\/wp-content\/uploads\/2017\/03\/Kandl-1.jpg\" title=\"Vienna \/ Street Photography - Bru\u0308nner Stra\u00dfe, Vienna, 21st District  \"><img loading=\"lazy\" decoding=\"async\" src=\"https:\/\/oesterreich-bilder.at\/wp-content\/uploads\/2017\/03\/Kandl-1.jpg\" alt=\"Leo Kandl\" width=\"305\" height=\"230\" \/><\/a><p class=\"jig-HTMLdescription\">Leo Kandl<br\/>Vienna \/ Street Photography - Bru\u0308nner Stra\u00dfe, Vienna, 21st District  <\/p><\/li><li><a href=\"https:\/\/oesterreich-bilder.at\/wp-content\/uploads\/2017\/03\/Kandl-2.jpg\" title=\"Vienna \/ Street Photography - Franz-Jonas-Platz, Vienna, 21st District  \"><img loading=\"lazy\" decoding=\"async\" src=\"https:\/\/oesterreich-bilder.at\/wp-content\/uploads\/2017\/03\/Kandl-2.jpg\" alt=\"Leo Kandl\" width=\"283\" height=\"230\" \/><\/a><p class=\"jig-HTMLdescription\">Leo Kandl<br\/>Vienna \/ Street Photography - Franz-Jonas-Platz, Vienna, 21st District  <\/p><\/li><li><a href=\"https:\/\/oesterreich-bilder.at\/wp-content\/uploads\/2017\/03\/Kranzler-1-1016x1024.jpg\" title=\"Valley - o.T. , 2016 \n\"><img loading=\"lazy\" decoding=\"async\" src=\"https:\/\/oesterreich-bilder.at\/wp-content\/uploads\/2017\/03\/Kranzler-1-1016x1024.jpg\" alt=\"Paul Kranzler\" width=\"228\" height=\"230\" \/><\/a><p class=\"jig-HTMLdescription\">Paul Kranzler<br\/>Valley - o.T. , 2016 \n<\/p><\/li><li><a href=\"https:\/\/oesterreich-bilder.at\/wp-content\/uploads\/2017\/03\/Kranzler-2-1024x1004.jpg\" title=\"Valley - o.T. , 2016 \"><img loading=\"lazy\" decoding=\"async\" src=\"https:\/\/oesterreich-bilder.at\/wp-content\/uploads\/2017\/03\/Kranzler-2-1024x1004.jpg\" alt=\"Paul Kranzler\" width=\"234\" height=\"230\" \/><\/a><p class=\"jig-HTMLdescription\">Paul Kranzler<br\/>Valley - o.T. , 2016 <\/p><\/li><li><a href=\"https:\/\/oesterreich-bilder.at\/wp-content\/uploads\/2017\/03\/Lehner-1-Karl_and_the_sun_2016-1024x683.jpg\" title=\"Koal - o.T. , 2016\n\"><img loading=\"lazy\" decoding=\"async\" src=\"https:\/\/oesterreich-bilder.at\/wp-content\/uploads\/2017\/03\/Lehner-1-Karl_and_the_sun_2016-1024x683.jpg\" alt=\"Simon Lehner\" width=\"344\" height=\"230\" \/><\/a><p class=\"jig-HTMLdescription\">Simon Lehner<br\/>Koal - o.T. , 2016\n<\/p><\/li><li><a href=\"https:\/\/oesterreich-bilder.at\/wp-content\/uploads\/2017\/03\/Lehner-2-Karl-2016-1024x686.jpg\" title=\"Koal - o.T. , 2016\"><img loading=\"lazy\" decoding=\"async\" src=\"https:\/\/oesterreich-bilder.at\/wp-content\/uploads\/2017\/03\/Lehner-2-Karl-2016-1024x686.jpg\" alt=\"Simon Lehner\" width=\"343\" height=\"230\" \/><\/a><p class=\"jig-HTMLdescription\">Simon Lehner<br\/>Koal - o.T. , 2016<\/p><\/li><li><a href=\"https:\/\/oesterreich-bilder.at\/wp-content\/uploads\/2017\/03\/LEITNER-1-697x1024.jpg\" title=\"Tyrol: Reality Check (2016) - Telfs, Tirol, 2016\"><img loading=\"lazy\" decoding=\"async\" src=\"https:\/\/oesterreich-bilder.at\/wp-content\/uploads\/2017\/03\/LEITNER-1-697x1024.jpg\" alt=\"Paul Albert Leitner\" width=\"156\" height=\"230\" \/><\/a><p class=\"jig-HTMLdescription\">Paul Albert Leitner<br\/>Tyrol: Reality Check (2016) - Telfs, Tirol, 2016<\/p><\/li><li><a href=\"https:\/\/oesterreich-bilder.at\/wp-content\/uploads\/2017\/03\/LEITNER-2-711x1024.jpg\" title=\"Tyrol: Reality Check (2016) - Altstadt Innsbruck, 2016\"><img loading=\"lazy\" decoding=\"async\" src=\"https:\/\/oesterreich-bilder.at\/wp-content\/uploads\/2017\/03\/LEITNER-2-711x1024.jpg\" alt=\"Paul Albert Leitner\" width=\"159\" height=\"230\" \/><\/a><p class=\"jig-HTMLdescription\">Paul Albert Leitner<br\/>Tyrol: Reality Check (2016) - Altstadt Innsbruck, 2016<\/p><\/li><li><a href=\"https:\/\/oesterreich-bilder.at\/wp-content\/uploads\/2017\/03\/Mavric-1-Zwischen-Br\u00fccken-Durchlaufstra\u00dfe-August-2016-1024x1024.jpg\" title=\"Between Bridges. Street Portraits from Vienna-Brigittenau - Stromstra\u00dfe, April 2016\"><img loading=\"lazy\" decoding=\"async\" src=\"https:\/\/oesterreich-bilder.at\/wp-content\/uploads\/2017\/03\/Mavric-1-Zwischen-Br\u00fccken-Durchlaufstra\u00dfe-August-2016-1024x1024.jpg\" alt=\"Christopher Mavri\u010d\" width=\"230\" height=\"230\" \/><\/a><p class=\"jig-HTMLdescription\">Christopher Mavri\u010d<br\/>Between Bridges. Street Portraits from Vienna-Brigittenau - Stromstra\u00dfe, April 2016<\/p><\/li><li><a href=\"https:\/\/oesterreich-bilder.at\/wp-content\/uploads\/2017\/03\/Mavric-2-Zwischen-Br\u00fccken-Durchlaufstra\u00dfe-August-2016-1022x1024.jpg\" title=\"Between Bridges. Street Portraits from Vienna-Brigittenau - Durchlaufstra\u00dfe, August 2016\"><img loading=\"lazy\" decoding=\"async\" src=\"https:\/\/oesterreich-bilder.at\/wp-content\/uploads\/2017\/03\/Mavric-2-Zwischen-Br\u00fccken-Durchlaufstra\u00dfe-August-2016-1022x1024.jpg\" alt=\"Christopher Mavri\u010d\" width=\"229\" height=\"230\" \/><\/a><p class=\"jig-HTMLdescription\">Christopher Mavri\u010d<br\/>Between Bridges. Street Portraits from Vienna-Brigittenau - Durchlaufstra\u00dfe, August 2016<\/p><\/li><li><a href=\"https:\/\/oesterreich-bilder.at\/wp-content\/uploads\/2017\/03\/Moshammer3-670x1024.jpg\" title=\"Therese - o.T. , 2016\"><img loading=\"lazy\" decoding=\"async\" src=\"https:\/\/oesterreich-bilder.at\/wp-content\/uploads\/2017\/03\/Moshammer3-670x1024.jpg\" alt=\"Stefanie Moshammer\" width=\"150\" height=\"230\" \/><\/a><p class=\"jig-HTMLdescription\">Stefanie Moshammer<br\/>Therese - o.T. , 2016<\/p><\/li><li><a href=\"https:\/\/oesterreich-bilder.at\/wp-content\/uploads\/2017\/03\/Moshammer4-676x1024.jpg\" title=\"Therese - o.T. , 2016\"><img loading=\"lazy\" decoding=\"async\" src=\"https:\/\/oesterreich-bilder.at\/wp-content\/uploads\/2017\/03\/Moshammer4-676x1024.jpg\" alt=\"Stefanie Moshammer\" width=\"151\" height=\"230\" \/><\/a><p class=\"jig-HTMLdescription\">Stefanie Moshammer<br\/>Therese - o.T. , 2016<\/p><\/li><li><a href=\"https:\/\/oesterreich-bilder.at\/wp-content\/uploads\/2017\/03\/Phelps-1_3735-1024x731.jpg\" title=\"Over Land - Patteriol Peak, St. Anton, Tyrol, February 2016\"><img loading=\"lazy\" decoding=\"async\" src=\"https:\/\/oesterreich-bilder.at\/wp-content\/uploads\/2017\/03\/Phelps-1_3735-1024x731.jpg\" alt=\"Andrew Phelps\" width=\"322\" height=\"230\" \/><\/a><p class=\"jig-HTMLdescription\">Andrew Phelps<br\/>Over Land - Patteriol Peak, St. Anton, Tyrol, February 2016<\/p><\/li><li><a href=\"https:\/\/oesterreich-bilder.at\/wp-content\/uploads\/2017\/03\/Phelps-2_6652-1024x731.jpg\" title=\"Over Land - Almkanal surf wave, Salzburg, July 2016\"><img loading=\"lazy\" decoding=\"async\" src=\"https:\/\/oesterreich-bilder.at\/wp-content\/uploads\/2017\/03\/Phelps-2_6652-1024x731.jpg\" alt=\"Andrew Phelps\" width=\"322\" height=\"230\" \/><\/a><p class=\"jig-HTMLdescription\">Andrew Phelps<br\/>Over Land - Almkanal surf wave, Salzburg, July 2016<\/p><\/li><li><a href=\"https:\/\/oesterreich-bilder.at\/wp-content\/uploads\/2017\/03\/Sagmeister-1-Blum-Werk-4-Bregenz-Malina-Luntschinga-geb-1989-seit-5-Jahren-e1489509122198-681x1024.jpg\" title=\"Between Individuality and Shift Work: Photographs of Workers at\ntheir Workplace. Industrial Companies in Vorarlberg in 2016 - Malina Luntschinga, 5 years at Blum plant 4 Bregenz\"><img loading=\"lazy\" decoding=\"async\" src=\"https:\/\/oesterreich-bilder.at\/wp-content\/uploads\/2017\/03\/Sagmeister-1-Blum-Werk-4-Bregenz-Malina-Luntschinga-geb-1989-seit-5-Jahren-e1489509122198-681x1024.jpg\" alt=\"Rudolf Sagmeister\" width=\"152\" height=\"230\" \/><\/a><p class=\"jig-HTMLdescription\">Rudolf Sagmeister<br\/>Between Individuality and Shift Work: Photographs of Workers at\ntheir Workplace. Industrial Companies in Vorarlberg in 2016 - Malina Luntschinga, 5 years at Blum plant 4 Bregenz<\/p><\/li><li><a href=\"https:\/\/oesterreich-bilder.at\/wp-content\/uploads\/2017\/03\/Sagmeister-2-Wolford-Bregenz-Shop-Azubi-Th\u00fcnauer-Nina-seit-2014-seit-3-Jahr-1024x716.jpg\" title=\"Between Individuality and Shift Work: Photographs of Workers at\ntheir Workplace. Industrial Companies in Vorarlberg in 2016 - Nina Th\u00fcnauer, 3 years at Wolford AG, Bregenz\"><img loading=\"lazy\" decoding=\"async\" src=\"https:\/\/oesterreich-bilder.at\/wp-content\/uploads\/2017\/03\/Sagmeister-2-Wolford-Bregenz-Shop-Azubi-Th\u00fcnauer-Nina-seit-2014-seit-3-Jahr-1024x716.jpg\" alt=\"Rudolf Sagmeister\" width=\"328\" height=\"230\" \/><\/a><p class=\"jig-HTMLdescription\">Rudolf Sagmeister<br\/>Between Individuality and Shift Work: Photographs of Workers at\ntheir Workplace. Industrial Companies in Vorarlberg in 2016 - Nina Th\u00fcnauer, 3 years at Wolford AG, Bregenz<\/p><\/li><li><a href=\"https:\/\/oesterreich-bilder.at\/wp-content\/uploads\/2017\/03\/Sagmeister3-e1489534474874-1024x681.jpg\" title=\"Between Individuality and Shift Work: Photographs of Workers at\ntheir Workplace. Industrial Companies in Vorarlberg in 2016 - Sukrun Akbas intern, student of psychology,  Zumtobel Light Dornbirn\"><img loading=\"lazy\" decoding=\"async\" src=\"https:\/\/oesterreich-bilder.at\/wp-content\/uploads\/2017\/03\/Sagmeister3-e1489534474874-1024x681.jpg\" alt=\"Rudolf Sagmeister\" width=\"345\" height=\"230\" \/><\/a><p class=\"jig-HTMLdescription\">Rudolf Sagmeister<br\/>Between Individuality and Shift Work: Photographs of Workers at\ntheir Workplace. Industrial Companies in Vorarlberg in 2016 - Sukrun Akbas intern, student of psychology,  Zumtobel Light Dornbirn<\/p><\/li><li><a href=\"https:\/\/oesterreich-bilder.at\/wp-content\/uploads\/2017\/03\/Schiefermair3-1024x688.jpg\" title=\"homesweethole - o.T. , 2016\"><img loading=\"lazy\" decoding=\"async\" src=\"https:\/\/oesterreich-bilder.at\/wp-content\/uploads\/2017\/03\/Schiefermair3-1024x688.jpg\" alt=\"Jan Schiefermair\" width=\"342\" height=\"230\" \/><\/a><p class=\"jig-HTMLdescription\">Jan Schiefermair<br\/>homesweethole - o.T. , 2016<\/p><\/li><li><a href=\"https:\/\/oesterreich-bilder.at\/wp-content\/uploads\/2017\/03\/Schiefermair4-1024x681.jpg\" title=\"homesweethole - o.T. , 2016\"><img loading=\"lazy\" decoding=\"async\" src=\"https:\/\/oesterreich-bilder.at\/wp-content\/uploads\/2017\/03\/Schiefermair4-1024x681.jpg\" alt=\"Jan Schiefermair\" width=\"345\" height=\"230\" \/><\/a><p class=\"jig-HTMLdescription\">Jan Schiefermair<br\/>homesweethole - o.T. , 2016<\/p><\/li><li><a href=\"https:\/\/oesterreich-bilder.at\/wp-content\/uploads\/2017\/03\/Schoeller3-1024x676.jpg\" title=\"The Political Landscape - Social Democrats\u2019 May Day Parade, Rathausplatz, May 1st 2016\"><img loading=\"lazy\" decoding=\"async\" src=\"https:\/\/oesterreich-bilder.at\/wp-content\/uploads\/2017\/03\/Schoeller3-1024x676.jpg\" alt=\"Nora Schoeller\" width=\"348\" height=\"230\" \/><\/a><p class=\"jig-HTMLdescription\">Nora Schoeller<br\/>The Political Landscape - Social Democrats\u2019 May Day Parade, Rathausplatz, May 1st 2016<\/p><\/li><li><a href=\"https:\/\/oesterreich-bilder.at\/wp-content\/uploads\/2017\/03\/Schoeller4-1024x679.jpg\" title=\"The Political Landscape - Au\u00dferordentlicher Parteitag der SP\u00d6 nach der Wahl von Christian Kern zum Bundesparteivorsitzenden, Messe Wien, 25. Juni 2016\"><img loading=\"lazy\" decoding=\"async\" src=\"https:\/\/oesterreich-bilder.at\/wp-content\/uploads\/2017\/03\/Schoeller4-1024x679.jpg\" alt=\"Nora Schoeller\" width=\"346\" height=\"230\" \/><\/a><p class=\"jig-HTMLdescription\">Nora Schoeller<br\/>The Political Landscape - Au\u00dferordentlicher Parteitag der SP\u00d6 nach der Wahl von Christian Kern zum Bundesparteivorsitzenden, Messe Wien, 25. Juni 2016<\/p><\/li><li><a href=\"https:\/\/oesterreich-bilder.at\/wp-content\/uploads\/2017\/03\/Sevrouk-1-IcameasStrenger_5-1024x683.jpg\" title=\"I Came a Stranger - o.T.\"><img loading=\"lazy\" decoding=\"async\" src=\"https:\/\/oesterreich-bilder.at\/wp-content\/uploads\/2017\/03\/Sevrouk-1-IcameasStrenger_5-1024x683.jpg\" alt=\"Ekaterina Sevrouk\" width=\"344\" height=\"230\" \/><\/a><p class=\"jig-HTMLdescription\">Ekaterina Sevrouk<br\/>I Came a Stranger - o.T.<\/p><\/li><li><a href=\"https:\/\/oesterreich-bilder.at\/wp-content\/uploads\/2017\/03\/Sevrouk-2-IcameasStrenger_3-1024x683.jpg\" title=\"I Came a Stranger - o.T.\"><img loading=\"lazy\" decoding=\"async\" src=\"https:\/\/oesterreich-bilder.at\/wp-content\/uploads\/2017\/03\/Sevrouk-2-IcameasStrenger_3-1024x683.jpg\" alt=\"Ekaterina Sevrouk\" width=\"344\" height=\"230\" \/><\/a><p class=\"jig-HTMLdescription\">Ekaterina Sevrouk<br\/>I Came a Stranger - o.T.<\/p><\/li><li><a href=\"https:\/\/oesterreich-bilder.at\/wp-content\/uploads\/2017\/03\/Sevrouk3-1024x681.jpg\" title=\"I Came a Stranger - o.T.\"><img loading=\"lazy\" decoding=\"async\" src=\"https:\/\/oesterreich-bilder.at\/wp-content\/uploads\/2017\/03\/Sevrouk3-1024x681.jpg\" alt=\"Ekaterina Sevrouk\" width=\"345\" height=\"230\" \/><\/a><p class=\"jig-HTMLdescription\">Ekaterina Sevrouk<br\/>I Came a Stranger - o.T.<\/p><\/li><li><a href=\"https:\/\/oesterreich-bilder.at\/wp-content\/uploads\/2017\/03\/Soskic3-1024x669.jpg\" title=\"Home No Home - o.T. , 2016\"><img loading=\"lazy\" decoding=\"async\" src=\"https:\/\/oesterreich-bilder.at\/wp-content\/uploads\/2017\/03\/Soskic3-1024x669.jpg\" alt=\"Katarina \u0160o\u0161ki\u0107\" width=\"352\" height=\"230\" \/><\/a><p class=\"jig-HTMLdescription\">Katarina \u0160o\u0161ki\u0107<br\/>Home No Home - o.T. , 2016<\/p><\/li><li><a href=\"https:\/\/oesterreich-bilder.at\/wp-content\/uploads\/2017\/03\/Soskic4-682x1024.jpg\" title=\"Home No Home - o.T. , 2016\"><img loading=\"lazy\" decoding=\"async\" src=\"https:\/\/oesterreich-bilder.at\/wp-content\/uploads\/2017\/03\/Soskic4-682x1024.jpg\" alt=\"Katarina \u0160o\u0161ki\u0107\" width=\"153\" height=\"230\" \/><\/a><p class=\"jig-HTMLdescription\">Katarina \u0160o\u0161ki\u0107<br\/>Home No Home - o.T. , 2016<\/p><\/li><li><a href=\"https:\/\/oesterreich-bilder.at\/wp-content\/uploads\/2017\/03\/Strobl-1_161009_8123-1024x891.jpg\" title=\"Bolaring - o.T.&quot;, aus der Serie Sundayland, - 2016\"><img loading=\"lazy\" decoding=\"async\" src=\"https:\/\/oesterreich-bilder.at\/wp-content\/uploads\/2017\/03\/Strobl-1_161009_8123-1024x891.jpg\" alt=\"Rudolf Strobl\" width=\"264\" height=\"230\" \/><\/a><p class=\"jig-HTMLdescription\">Rudolf Strobl<br\/>Bolaring - o.T.\", aus der Serie Sundayland, - 2016<\/p><\/li><li><a href=\"https:\/\/oesterreich-bilder.at\/wp-content\/uploads\/2017\/03\/Strobl-2_161010_8198-1024x891.jpg\" title=\"Bolaring - o.T.&quot;, aus der Serie Sundayland, - 2016\"><img loading=\"lazy\" decoding=\"async\" src=\"https:\/\/oesterreich-bilder.at\/wp-content\/uploads\/2017\/03\/Strobl-2_161010_8198-1024x891.jpg\" alt=\"Rudolf Strobl\" width=\"264\" height=\"230\" \/><\/a><p class=\"jig-HTMLdescription\">Rudolf Strobl<br\/>Bolaring - o.T.\", aus der Serie Sundayland, - 2016<\/p><\/li><li><a href=\"https:\/\/oesterreich-bilder.at\/wp-content\/uploads\/2017\/03\/Strobl3-1024x846.jpg\" title=\"Bolaring - o.T.&quot;, aus der Serie Sundayland, - 2016\"><img loading=\"lazy\" decoding=\"async\" src=\"https:\/\/oesterreich-bilder.at\/wp-content\/uploads\/2017\/03\/Strobl3-1024x846.jpg\" alt=\"Rudolf Strobl\" width=\"278\" height=\"230\" \/><\/a><p class=\"jig-HTMLdescription\">Rudolf Strobl<br\/>Bolaring - o.T.\", aus der Serie Sundayland, - 2016<\/p><\/li><li><a href=\"https:\/\/oesterreich-bilder.at\/wp-content\/uploads\/2017\/03\/Wildberger3-679x1024.jpg\" title=\"Stages - Great Festival Hall, Salzburg Festival\"><img loading=\"lazy\" decoding=\"async\" src=\"https:\/\/oesterreich-bilder.at\/wp-content\/uploads\/2017\/03\/Wildberger3-679x1024.jpg\" alt=\"Clara Wildberger\" width=\"152\" height=\"230\" \/><\/a><p class=\"jig-HTMLdescription\">Clara Wildberger<br\/>Stages - Great Festival Hall, Salzburg Festival<\/p><\/li><li><a href=\"https:\/\/oesterreich-bilder.at\/wp-content\/uploads\/2017\/03\/Wildberger4-676x1024.jpg\" title=\"Stages - On Earth. Feeding, Fighting and Fucking. Part I. (The Loose Collective) \u2013 rehearsal\"><img loading=\"lazy\" decoding=\"async\" src=\"https:\/\/oesterreich-bilder.at\/wp-content\/uploads\/2017\/03\/Wildberger4-676x1024.jpg\" alt=\"Clara Wildberger\" width=\"151\" height=\"230\" \/><\/a><p class=\"jig-HTMLdescription\">Clara Wildberger<br\/>Stages - On Earth. Feeding, Fighting and Fucking. Part I. (The Loose Collective) \u2013 rehearsal<\/p><\/li><li><a href=\"https:\/\/oesterreich-bilder.at\/wp-content\/uploads\/2017\/03\/Willmann-1MeinSchneider-2016.IMG_4469-1024x1024.jpg\" title=\"Work and Recollection - Mein Schneider, 2016\"><img loading=\"lazy\" decoding=\"async\" src=\"https:\/\/oesterreich-bilder.at\/wp-content\/uploads\/2017\/03\/Willmann-1MeinSchneider-2016.IMG_4469-1024x1024.jpg\" alt=\"Manfred Willmann\" width=\"230\" height=\"230\" \/><\/a><p class=\"jig-HTMLdescription\">Manfred Willmann<br\/>Work and Recollection - Mein Schneider, 2016<\/p><\/li><li><a href=\"https:\/\/oesterreich-bilder.at\/wp-content\/uploads\/2017\/03\/Willmann-2-MeinSchneider-2016.IMG_4448-1024x1024.jpg\" title=\"Work and Recollection - Mein Schneider, 2016\"><img loading=\"lazy\" decoding=\"async\" src=\"https:\/\/oesterreich-bilder.at\/wp-content\/uploads\/2017\/03\/Willmann-2-MeinSchneider-2016.IMG_4448-1024x1024.jpg\" alt=\"Manfred Willmann\" width=\"230\" height=\"230\" \/><\/a><p class=\"jig-HTMLdescription\">Manfred Willmann<br\/>Work and Recollection - Mein Schneider, 2016<\/p><\/li><\/ul><\/noscript><\/div>\n","protected":false},"excerpt":{"rendered":"<p>FacingAustria Edited and curated by: Rainer Iglar and Michael Mauracher20 photographers, men and women, have photographed Austria. Their photos reveal a diversity of imagery and themes \u2212 urban settings, landscapes, work, politics, the arts, and sport \u2212 a country mirrored through contemporary photography. ImpressTable of ContentsIntroduction by Rainer Iglar and Mich Book presentation Juni, 18:00 [&hellip;]<\/p>\n","protected":false},"author":1,"featured_media":0,"parent":0,"menu_order":0,"comment_status":"closed","ping_status":"closed","template":"","meta":{"_acf_changed":false,"_seopress_robots_primary_cat":"","_seopress_titles_title":"","_seopress_titles_desc":"","_seopress_robots_index":"","footnotes":""},"class_list":["post-3410","page","type-page","status-publish","hentry"],"acf":[],"_links":{"self":[{"href":"https:\/\/oesterreich-bilder.at\/en\/wp-json\/wp\/v2\/pages\/3410","targetHints":{"allow":["GET"]}}],"collection":[{"href":"https:\/\/oesterreich-bilder.at\/en\/wp-json\/wp\/v2\/pages"}],"about":[{"href":"https:\/\/oesterreich-bilder.at\/en\/wp-json\/wp\/v2\/types\/page"}],"author":[{"embeddable":true,"href":"https:\/\/oesterreich-bilder.at\/en\/wp-json\/wp\/v2\/users\/1"}],"replies":[{"embeddable":true,"href":"https:\/\/oesterreich-bilder.at\/en\/wp-json\/wp\/v2\/comments?post=3410"}],"version-history":[{"count":0,"href":"https:\/\/oesterreich-bilder.at\/en\/wp-json\/wp\/v2\/pages\/3410\/revisions"}],"wp:attachment":[{"href":"https:\/\/oesterreich-bilder.at\/en\/wp-json\/wp\/v2\/media?parent=3410"}],"curies":[{"name":"wp","href":"https:\/\/api.w.org\/{rel}","templated":true}]}}